{"id":2710,"date":"2025-07-16T18:49:51","date_gmt":"2025-07-16T18:49:51","guid":{"rendered":"https:\/\/jit-temps.com\/?page_id=2710"},"modified":"2025-08-15T16:58:49","modified_gmt":"2025-08-15T16:58:49","slug":"empleos-en-el-sector-manufacturero-en-chicago","status":"publish","type":"page","link":"https:\/\/jit-temps.com\/es\/manufacturing-jobs-chicago\/","title":{"rendered":"Fabricaci\u00f3n Empleo"},"content":{"rendered":"<div data-elementor-type=\"wp-page\" data-elementor-id=\"2710\" class=\"elementor elementor-2710\" data-elementor-post-type=\"page\">\n\t\t\t\t<div class=\"elementor-element elementor-element-42b9713 top-banner e-flex e-con-boxed e-con e-parent\" data-id=\"42b9713\" data-element_type=\"container\" data-e-type=\"container\" data-settings=\"{&quot;background_background&quot;:&quot;classic&quot;}\">\n\t\t\t\t\t<div class=\"e-con-inner\">\n\t\t<div class=\"elementor-element elementor-element-e8e3e64 e-con-full elementor-hidden-mobile e-flex e-con e-child\" data-id=\"e8e3e64\" data-element_type=\"container\" data-e-type=\"container\">\n\t\t\t\t<\/div>\n\t\t<div class=\"elementor-element elementor-element-0a37df2 e-con-full e-flex e-con e-child\" data-id=\"0a37df2\" data-element_type=\"container\" data-e-type=\"container\">\n\t\t\t\t<div class=\"elementor-element elementor-element-ecdbbfd elementor-invisible elementor-widget elementor-widget-heading\" data-id=\"ecdbbfd\" data-element_type=\"widget\" data-e-type=\"widget\" data-settings=\"{&quot;_animation&quot;:&quot;fadeInUp&quot;,&quot;_animation_delay&quot;:150}\" data-widget_type=\"heading.default\">\n\t\t\t\t<div class=\"elementor-widget-container\">\n\t\t\t\t\t<h1 class=\"elementor-heading-title elementor-size-default\">Ofertas de trabajo de Fabricaci\u00f3n en Chicago<\/h1>\t\t\t\t<\/div>\n\t\t\t\t<\/div>\n\t\t\t\t<\/div>\n\t\t\t\t\t<\/div>\n\t\t\t\t<\/div>\n\t\t<div class=\"elementor-element elementor-element-cd701f1 content-row e-flex e-con-boxed e-con e-parent\" data-id=\"cd701f1\" data-element_type=\"container\" data-e-type=\"container\">\n\t\t\t\t\t<div class=\"e-con-inner\">\n\t\t\t\t<div class=\"elementor-element elementor-element-5fcbf55 elementor-invisible elementor-widget elementor-widget-heading\" data-id=\"5fcbf55\" data-element_type=\"widget\" data-e-type=\"widget\" data-settings=\"{&quot;_animation&quot;:&quot;fadeInLeft&quot;,&quot;_animation_delay&quot;:150}\" data-widget_type=\"heading.default\">\n\t\t\t\t<div class=\"elementor-widget-container\">\n\t\t\t\t\t<h2 class=\"elementor-heading-title elementor-size-default\">Encuentre trabajos de fabricaci\u00f3n cerca de usted<\/h2>\t\t\t\t<\/div>\n\t\t\t\t<\/div>\n\t\t\t\t<div class=\"elementor-element elementor-element-418e628 elementor-invisible elementor-widget elementor-widget-text-editor\" data-id=\"418e628\" data-element_type=\"widget\" data-e-type=\"widget\" data-settings=\"{&quot;_animation&quot;:&quot;fadeInUp&quot;}\" data-widget_type=\"text-editor.default\">\n\t\t\t\t<div class=\"elementor-widget-container\">\n\t\t\t\t\t\t\t\t\t<p>\u00bfBusca empleo en el sector de la fabricaci\u00f3n en Bensenville, South Elgin, y el \u00e1rea metropolitana de Chicago? Just In Time Staffing pone en contacto a buscadores de empleo motivados con los mejores empleadores de la regi\u00f3n. Si usted es un maquinista CNC con experiencia, un operador de carretilla elevadora certificada, o en busca de su primera oportunidad en la planta de producci\u00f3n, tenemos posiciones que coincidan con sus habilidades y objetivos de carrera.  Nuestras opciones de contrataci\u00f3n ayudan a los solicitantes de empleo a conectar con puestos temporales, de contrataci\u00f3n temporal y de contrataci\u00f3n directa en el sector de la fabricaci\u00f3n.<\/p>\t\t\t\t\t\t\t\t<\/div>\n\t\t\t\t<\/div>\n\t\t\t\t\t<\/div>\n\t\t\t\t<\/div>\n\t\t<div class=\"elementor-element elementor-element-76cd8ea content-row e-flex e-con-boxed e-con e-parent\" data-id=\"76cd8ea\" data-element_type=\"container\" data-e-type=\"container\" data-settings=\"{&quot;background_background&quot;:&quot;classic&quot;}\">\n\t\t\t\t\t<div class=\"e-con-inner\">\n\t\t\t\t<div class=\"elementor-element elementor-element-39ca8e9 elementor-invisible elementor-widget elementor-widget-heading\" data-id=\"39ca8e9\" data-element_type=\"widget\" data-e-type=\"widget\" data-settings=\"{&quot;_animation&quot;:&quot;fadeInRight&quot;}\" data-widget_type=\"heading.default\">\n\t\t\t\t<div class=\"elementor-widget-container\">\n\t\t\t\t\t<h3 class=\"elementor-heading-title elementor-size-default\">Empleos en el sector manufacturero<\/h3>\t\t\t\t<\/div>\n\t\t\t\t<\/div>\n\t\t\t\t<div class=\"elementor-element elementor-element-dc18bde elementor-invisible elementor-widget elementor-widget-text-editor\" data-id=\"dc18bde\" data-element_type=\"widget\" data-e-type=\"widget\" data-settings=\"{&quot;_animation&quot;:&quot;fadeInUp&quot;}\" data-widget_type=\"text-editor.default\">\n\t\t\t\t<div class=\"elementor-widget-container\">\n\t\t\t\t\t\t\t\t\t<p>Nos especializamos en la colocaci\u00f3n de candidatos en una amplia gama de puestos de trabajo de fabricaci\u00f3n, incluyendo:<\/p>\t\t\t\t\t\t\t\t<\/div>\n\t\t\t\t<\/div>\n\t\t<div class=\"elementor-element elementor-element-d979992 e-con-full e-flex elementor-invisible e-con e-child\" data-id=\"d979992\" data-element_type=\"container\" data-e-type=\"container\" data-settings=\"{&quot;animation&quot;:&quot;fadeInUp&quot;}\">\n\t\t\t\t<div class=\"elementor-element elementor-element-91d7db0 elementor-widget elementor-widget-text-editor\" data-id=\"91d7db0\" data-element_type=\"widget\" data-e-type=\"widget\" data-widget_type=\"text-editor.default\">\n\t\t\t\t<div class=\"elementor-widget-container\">\n\t\t\t\t\t\t\t\t\t<ul><li>Ensambladores y operarios de l\u00ednea de producci\u00f3n<\/li><li>Operadores de m\u00e1quinas y t\u00e9cnicos CNC<\/li><li>Operadores de carretillas elevadoras y manipuladores de materiales<\/li><li>Soldadores y fabricantes<\/li><\/ul>\t\t\t\t\t\t\t\t<\/div>\n\t\t\t\t<\/div>\n\t\t\t\t<div class=\"elementor-element elementor-element-359a925 elementor-widget elementor-widget-text-editor\" data-id=\"359a925\" data-element_type=\"widget\" data-e-type=\"widget\" data-widget_type=\"text-editor.default\">\n\t\t\t\t<div class=\"elementor-widget-container\">\n\t\t\t\t\t\t\t\t\t<ul><li>T\u00e9cnicos de mantenimiento<\/li><li>Inspectores de control de calidad<\/li><li>Personal de almac\u00e9n y embalaje<\/li><\/ul>\t\t\t\t\t\t\t\t<\/div>\n\t\t\t\t<\/div>\n\t\t\t\t<\/div>\n\t\t\t\t\t<\/div>\n\t\t\t\t<\/div>\n\t\t<div class=\"elementor-element elementor-element-312ac56 content-row e-flex e-con-boxed e-con e-parent\" data-id=\"312ac56\" data-element_type=\"container\" data-e-type=\"container\" data-settings=\"{&quot;background_background&quot;:&quot;classic&quot;}\">\n\t\t\t\t\t<div class=\"e-con-inner\">\n\t\t\t\t<div class=\"elementor-element elementor-element-8ff2f40 elementor-invisible elementor-widget elementor-widget-heading\" data-id=\"8ff2f40\" data-element_type=\"widget\" data-e-type=\"widget\" data-settings=\"{&quot;_animation&quot;:&quot;fadeInLeft&quot;,&quot;_animation_delay&quot;:150}\" data-widget_type=\"heading.default\">\n\t\t\t\t<div class=\"elementor-widget-container\">\n\t\t\t\t\t<h2 class=\"elementor-heading-title elementor-size-default\">Gente estupenda. Grandes trabajos. <br \/>\nCrece con los mejores.\n<\/h2>\t\t\t\t<\/div>\n\t\t\t\t<\/div>\n\t\t\t\t<div class=\"elementor-element elementor-element-e42880b elementor-invisible elementor-widget elementor-widget-text-editor\" data-id=\"e42880b\" data-element_type=\"widget\" data-e-type=\"widget\" data-settings=\"{&quot;_animation&quot;:&quot;fadeInUp&quot;,&quot;_animation_delay&quot;:250}\" data-widget_type=\"text-editor.default\">\n\t\t\t\t<div class=\"elementor-widget-container\">\n\t\t\t\t\t\t\t\t\t<p><span style=\"background-color: var( --e-global-color-secondary );\">Just In Time Staffing, LLC<\/span>&nbsp;contrata continuamente a personas honestas y trabajadoras que se enorgullecen del trabajo bien hecho. Como empresa familiar, realmente queremos lo mejor para cada uno de nuestros candidatos y hacemos todo lo posible para ofrecerles un trabajo gratificante que satisfaga sus necesidades individuales, tanto profesionales como personales. Aqu\u00ed, la profesionalidad y la inclusi\u00f3n son una parte fundamental de nuestro entorno familiar. Una visita o una conversaci\u00f3n e inmediatamente ver\u00e1 y sentir\u00e1 la diferencia de JIT.<\/p>\t\t\t\t\t\t\t\t<\/div>\n\t\t\t\t<\/div>\n\t\t\t\t\t<\/div>\n\t\t\t\t<\/div>\n\t\t<div class=\"elementor-element elementor-element-1dcbc8a content-row e-flex e-con-boxed e-con e-parent\" data-id=\"1dcbc8a\" data-element_type=\"container\" data-e-type=\"container\" data-settings=\"{&quot;background_background&quot;:&quot;classic&quot;}\">\n\t\t\t\t\t<div class=\"e-con-inner\">\n\t\t\t\t<div class=\"elementor-element elementor-element-f7fc2e0 elementor-invisible elementor-widget elementor-widget-heading\" data-id=\"f7fc2e0\" data-element_type=\"widget\" data-e-type=\"widget\" data-settings=\"{&quot;_animation&quot;:&quot;fadeInRight&quot;,&quot;_animation_delay&quot;:150}\" data-widget_type=\"heading.default\">\n\t\t\t\t<div class=\"elementor-widget-container\">\n\t\t\t\t\t<h5 class=\"elementor-heading-title elementor-size-default\">Su futuro empleo en la industria manufacturera est\u00e1 a un clic de distancia<\/h5>\t\t\t\t<\/div>\n\t\t\t\t<\/div>\n\t\t\t\t<div class=\"elementor-element elementor-element-baefa21 elementor-align-center light-blue elementor-invisible elementor-widget elementor-widget-button\" data-id=\"baefa21\" data-element_type=\"widget\" data-e-type=\"widget\" data-settings=\"{&quot;_animation&quot;:&quot;fadeInUp&quot;,&quot;_animation_delay&quot;:150}\" data-widget_type=\"button.default\">\n\t\t\t\t<div class=\"elementor-widget-container\">\n\t\t\t\t\t\t\t\t\t<div class=\"elementor-button-wrapper\">\n\t\t\t\t\t<a class=\"elementor-button elementor-button-link elementor-size-sm\" href=\"\/es\/puestos-de-trabajo\/\">\n\t\t\t\t\t\t<span class=\"elementor-button-content-wrapper\">\n\t\t\t\t\t\t\t\t\t<span class=\"elementor-button-text\">Ver empleos<\/span>\n\t\t\t\t\t<\/span>\n\t\t\t\t\t<\/a>\n\t\t\t\t<\/div>\n\t\t\t\t\t\t\t\t<\/div>\n\t\t\t\t<\/div>\n\t\t\t\t\t<\/div>\n\t\t\t\t<\/div>\n\t\t\t\t<\/div>","protected":false},"excerpt":{"rendered":"<p>Manufacturing Jobs in Chicago Find Manufacturing Jobs Near You Looking for manufacturing jobs in Bensenville, South Elgin, and the greater Chicago area? Just In Time Staffing connects motivated job seekers with top employers across the region. Whether you&#8217;re an experienced CNC machinist, a certified forklift operator, or seeking your first opportunity on the production floor, [&hellip;]<\/p>\n","protected":false},"author":1,"featured_media":0,"parent":0,"menu_order":0,"comment_status":"closed","ping_status":"closed","template":"elementor_header_footer","meta":{"_acf_changed":false,"footnotes":""},"class_list":["post-2710","page","type-page","status-publish","hentry"],"yoast_head":"<!-- This site is optimized with the Yoast SEO plugin v27.3 - https:\/\/yoast.com\/product\/yoast-seo-wordpress\/ -->\n<title>Manufacturing Jobs in Chicago | Temporary Workforce Solutions<\/title>\n<meta name=\"description\" content=\"Find reliable manufacturing jobs in Chicago with Just In Time Staffing. We connect skilled and entry-level workers to top employers for temp, temp-to-hire, and direct hire positions.\" \/>\n<meta name=\"robots\" content=\"index, follow, max-snippet:-1, max-image-preview:large, max-video-preview:-1\" \/>\n<link rel=\"canonical\" href=\"https:\/\/jit-temps.com\/es\/empleos-en-el-sector-manufacturero-en-chicago\/\" \/>\n<meta property=\"og:locale\" content=\"es_MX\" \/>\n<meta property=\"og:type\" content=\"article\" \/>\n<meta property=\"og:title\" content=\"Manufacturing Jobs in Chicago | Temporary Workforce Solutions\" \/>\n<meta property=\"og:description\" content=\"Find reliable manufacturing jobs in Chicago with Just In Time Staffing. We connect skilled and entry-level workers to top employers for temp, temp-to-hire, and direct hire positions.\" \/>\n<meta property=\"og:url\" content=\"https:\/\/jit-temps.com\/es\/empleos-en-el-sector-manufacturero-en-chicago\/\" \/>\n<meta property=\"og:site_name\" content=\"Just In Time Staffing, LLC\" \/>\n<meta property=\"article:modified_time\" content=\"2025-08-15T16:58:49+00:00\" \/>\n<meta name=\"twitter:card\" content=\"summary_large_image\" \/>\n<meta name=\"twitter:label1\" content=\"Tiempo de lectura\" \/>\n\t<meta name=\"twitter:data1\" content=\"1 minuto\" \/>\n<script type=\"application\/ld+json\" class=\"yoast-schema-graph\">{\"@context\":\"https:\\\/\\\/schema.org\",\"@graph\":[{\"@type\":\"WebPage\",\"@id\":\"https:\\\/\\\/jit-temps.com\\\/manufacturing-jobs-chicago\\\/\",\"url\":\"https:\\\/\\\/jit-temps.com\\\/manufacturing-jobs-chicago\\\/\",\"name\":\"Manufacturing Jobs in Chicago | Temporary Workforce Solutions\",\"isPartOf\":{\"@id\":\"https:\\\/\\\/jit-temps.com\\\/#website\"},\"datePublished\":\"2025-07-16T18:49:51+00:00\",\"dateModified\":\"2025-08-15T16:58:49+00:00\",\"description\":\"Find reliable manufacturing jobs in Chicago with Just In Time Staffing. We connect skilled and entry-level workers to top employers for temp, temp-to-hire, and direct hire positions.\",\"breadcrumb\":{\"@id\":\"https:\\\/\\\/jit-temps.com\\\/manufacturing-jobs-chicago\\\/#breadcrumb\"},\"inLanguage\":\"es\",\"potentialAction\":[{\"@type\":\"ReadAction\",\"target\":[\"https:\\\/\\\/jit-temps.com\\\/manufacturing-jobs-chicago\\\/\"]}]},{\"@type\":\"BreadcrumbList\",\"@id\":\"https:\\\/\\\/jit-temps.com\\\/manufacturing-jobs-chicago\\\/#breadcrumb\",\"itemListElement\":[{\"@type\":\"ListItem\",\"position\":1,\"name\":\"Home\",\"item\":\"https:\\\/\\\/jit-temps.com\\\/\"},{\"@type\":\"ListItem\",\"position\":2,\"name\":\"Manufacturing Jobs\"}]},{\"@type\":\"WebSite\",\"@id\":\"https:\\\/\\\/jit-temps.com\\\/#website\",\"url\":\"https:\\\/\\\/jit-temps.com\\\/\",\"name\":\"Just In Time Staffing, LLC\",\"description\":\"\",\"potentialAction\":[{\"@type\":\"SearchAction\",\"target\":{\"@type\":\"EntryPoint\",\"urlTemplate\":\"https:\\\/\\\/jit-temps.com\\\/?s={search_term_string}\"},\"query-input\":{\"@type\":\"PropertyValueSpecification\",\"valueRequired\":true,\"valueName\":\"search_term_string\"}}],\"inLanguage\":\"es\"}]}<\/script>\n<!-- \/ Yoast SEO plugin. -->","yoast_head_json":{"title":"Ofertas de empleo de Fabricaci\u00f3n en Chicago | Soluciones de Trabajo Temporal","description":"Encuentre trabajos fiables de fabricaci\u00f3n en Chicago con Just In Time Staffing. Ponemos en contacto a trabajadores cualificados y principiantes con los mejores empleadores para puestos temporales, de contrataci\u00f3n temporal y de contrataci\u00f3n directa.","robots":{"index":"index","follow":"follow","max-snippet":"max-snippet:-1","max-image-preview":"max-image-preview:large","max-video-preview":"max-video-preview:-1"},"canonical":"https:\/\/jit-temps.com\/es\/empleos-en-el-sector-manufacturero-en-chicago\/","og_locale":"es_MX","og_type":"article","og_title":"Manufacturing Jobs in Chicago | Temporary Workforce Solutions","og_description":"Find reliable manufacturing jobs in Chicago with Just In Time Staffing. We connect skilled and entry-level workers to top employers for temp, temp-to-hire, and direct hire positions.","og_url":"https:\/\/jit-temps.com\/es\/empleos-en-el-sector-manufacturero-en-chicago\/","og_site_name":"Just In Time Staffing, LLC","article_modified_time":"2025-08-15T16:58:49+00:00","twitter_card":"summary_large_image","twitter_misc":{"Tiempo de lectura":"1 minuto"},"schema":{"@context":"https:\/\/schema.org","@graph":[{"@type":"WebPage","@id":"https:\/\/jit-temps.com\/manufacturing-jobs-chicago\/","url":"https:\/\/jit-temps.com\/manufacturing-jobs-chicago\/","name":"Ofertas de empleo de Fabricaci\u00f3n en Chicago | Soluciones de Trabajo Temporal","isPartOf":{"@id":"https:\/\/jit-temps.com\/#website"},"datePublished":"2025-07-16T18:49:51+00:00","dateModified":"2025-08-15T16:58:49+00:00","description":"Encuentre trabajos fiables de fabricaci\u00f3n en Chicago con Just In Time Staffing. Ponemos en contacto a trabajadores cualificados y principiantes con los mejores empleadores para puestos temporales, de contrataci\u00f3n temporal y de contrataci\u00f3n directa.","breadcrumb":{"@id":"https:\/\/jit-temps.com\/manufacturing-jobs-chicago\/#breadcrumb"},"inLanguage":"es","potentialAction":[{"@type":"ReadAction","target":["https:\/\/jit-temps.com\/manufacturing-jobs-chicago\/"]}]},{"@type":"BreadcrumbList","@id":"https:\/\/jit-temps.com\/manufacturing-jobs-chicago\/#breadcrumb","itemListElement":[{"@type":"ListItem","position":1,"name":"Home","item":"https:\/\/jit-temps.com\/"},{"@type":"ListItem","position":2,"name":"Manufacturing Jobs"}]},{"@type":"WebSite","@id":"https:\/\/jit-temps.com\/#website","url":"https:\/\/jit-temps.com\/","name":"Just In Time Staffing, LLC","description":"","potentialAction":[{"@type":"SearchAction","target":{"@type":"EntryPoint","urlTemplate":"https:\/\/jit-temps.com\/?s={search_term_string}"},"query-input":{"@type":"PropertyValueSpecification","valueRequired":true,"valueName":"search_term_string"}}],"inLanguage":"es"}]}},"acf":[],"_links":{"self":[{"href":"https:\/\/jit-temps.com\/es\/wp-json\/wp\/v2\/pages\/2710","targetHints":{"allow":["GET"]}}],"collection":[{"href":"https:\/\/jit-temps.com\/es\/wp-json\/wp\/v2\/pages"}],"about":[{"href":"https:\/\/jit-temps.com\/es\/wp-json\/wp\/v2\/types\/page"}],"author":[{"embeddable":true,"href":"https:\/\/jit-temps.com\/es\/wp-json\/wp\/v2\/users\/1"}],"replies":[{"embeddable":true,"href":"https:\/\/jit-temps.com\/es\/wp-json\/wp\/v2\/comments?post=2710"}],"version-history":[{"count":89,"href":"https:\/\/jit-temps.com\/es\/wp-json\/wp\/v2\/pages\/2710\/revisions"}],"predecessor-version":[{"id":2847,"href":"https:\/\/jit-temps.com\/es\/wp-json\/wp\/v2\/pages\/2710\/revisions\/2847"}],"wp:attachment":[{"href":"https:\/\/jit-temps.com\/es\/wp-json\/wp\/v2\/media?parent=2710"}],"curies":[{"name":"wp","href":"https:\/\/api.w.org\/{rel}","templated":true}]}}